{"id":1880,"date":"2024-04-10T09:58:49","date_gmt":"2024-04-10T07:58:49","guid":{"rendered":"https:\/\/www.fahn-wp.de\/?page_id=1880"},"modified":"2024-04-10T16:03:48","modified_gmt":"2024-04-10T14:03:48","slug":"datev","status":"publish","type":"page","link":"https:\/\/fahn-wp.de\/en\/datev\/","title":{"rendered":"(Deutsch) DATEV"},"content":{"rendered":"<p class=\"qtranxs-available-languages-message qtranxs-available-languages-message-en\">Sorry, this entry is only available in <a href=\"https:\/\/fahn-wp.de\/de\/wp-json\/wp\/v2\/pages\/1880\" class=\"qtranxs-available-language-link qtranxs-available-language-link-de\" title=\"Deutsch\">Deutsch<\/a>. For the sake of viewer convenience, the content is shown below in the alternative language. You may click the link to switch the active language.<\/p><p><\/p>\n<div class=\"justify\">\n<p>Die DATEV eG vergibt das Label an Kanzleien, die durch eine konsequente digitale Zusammenarbeit mit unseren Mandanten auffallen. Anhand definierter Kriterien pr\u00fcft die Genossenschaft mithilfe einer Software den Grad der Digitalisierung in den Bereichen Rechnungswesen, Steuern und Lohn. Diese Kriterien \u00e4ndern sich j\u00e4hrlich, weswegen die Kanzleien diesen Prozess stets neu durchlaufen m\u00fcssen. Das Label Digitale DATEV-Kanzlei garantiert somit auch, dass die entsprechenden Kanzleien beim Thema Digitalisierung up to date sind.<\/p>\n<h3>UNTERNEHMEN ONLINE<\/h3>\n<ul>\n<li>Belege einfach scannen und digitalisieren<\/li>\n<li>Daten schnell und sicher online austauschen<\/li>\n<li>individuelle Auswertungen erstellen und senden<\/li>\n<li>elektronische Belegarchivierung<\/li>\n<li>Belegtransport zwischen Unternehmen und Steuerberater entf\u00e4llt<\/li>\n<li>Belege online finden, kein\u00a0Pendelordner\u00a0mehr<\/li>\n<li>Unternehmenstransparenz per Klick<\/li>\n<\/ul>\n<h3>Sicherer Mandanten-Login<\/h3>\n<p>F\u00fcr den geschlossenen Bereich \u201eMyDATEV\u201c ben\u00f6tigen Sie eine DATEV SmartCard oder einen DATEV SmartLogin.<\/p>\n<p><button class=\"btn-default\"><a title=\"Mit SMARTCARD anmelden\" href=\"https:\/\/secure4.datev.de\/wopl\/FC\/FC\" target=\"_blank\" rel=\"noopener noreferrer\">Mit SMARTCARD anmelden<\/a><\/button><\/p>\n<p>&nbsp;<\/p>\n<h3>ARBEITNEHMER ONLINE<\/h3>\n<ul>\n<li><strong>Einfach:<\/strong>\u00a0weniger Aufwand mit Lohn- und Gehaltsdokumenten online<\/li>\n<li><strong>Flexibel:<\/strong>\u00a0immer und \u00fcberall Zugriff auf Lohn- und Gehaltsdokumente<\/li>\n<li><strong>Unkompliziert:<\/strong>\u00a0Informationen einfach und sicher weitergeben<\/li>\n<li><strong>Modern:<\/strong>\u00a0starke Positionierung als Arbeitgeber am Puls der Zeit<\/li>\n<li><strong>Vorausschauend:<\/strong>\u00a0kostensparend, innovativ und umweltschonend<\/li>\n<\/ul>\n<p>&nbsp;<\/p>\n<h3>DATEV MITTELSTAND<\/h3>\n<p>Rechnungsschreibung und Buchf\u00fchrung leicht gemacht:<\/p>\n<p>Mit den Softwarel\u00f6sungen f\u00fcr kleine und mittelst\u00e4ndische Unternehmen stehen Ihnen alle wesentlichen kaufm\u00e4nnischen Funktionen zur Verf\u00fcgung.<\/p>\n<p>F\u00fcr Ihre Anforderung die passende DATEV-L\u00f6sung:<\/p>\n<p><a href=\"https:\/\/www.datev.de\/web\/de\/top-themen\/unternehmer\/datev-mittelstand-pro\/komplettloesung-mit-finanzbuchfuehrung\/\" target=\"_blank\" rel=\"noopener noreferrer\"><strong>DATEV Komplettl\u00f6sung mit Finanzbuchf\u00fchrung<\/strong><\/a><\/p>\n<p>DATEV Mittelstand Faktura mit Rechnungswesen enth\u00e4lt Auftragsverwaltung und Dokumentablage sowie zus\u00e4tzlich eine Buchf\u00fchrungskomponente. Die passende L\u00f6sung f\u00fcr Unternehmen, die die Finanzbuchf\u00fchrung im Betrieb erstellen!<\/p>\n<p>&nbsp;<\/p>\n<h3>DATEV Mandanten-Fernbetreuung<\/h3>\n<p>Die\u00a0<strong>DATEV Mandanten-Fernbetreuung<\/strong>\u00a0unterst\u00fctzt die Online-Zusammenarbeit zwischen Berater und Mandant. Sie ist eine Fernbetreuungssoftware und erm\u00f6glicht, dass zwischen zwei PCs \u00fcber einen beliebigen Internet-Zugang eine direkte Verbindung aufgebaut werden kann.<\/p>\n<p>Die\u00a0<strong>Mandanten-Fernbetreuung<\/strong>\u00a0bietet einen Fernzugriff, d. h. der entfernte PC kann eingesehen und gesteuert werden, sowie einen Pr\u00e4sentationsmodus, mit dem der eigene Bildschirminhalt via Internet dem Kommunikationspartner pr\u00e4sentiert wird. Die\u00a0<strong>Mandanten-Fernbetreuung<\/strong>\u00a0wird nicht installiert, sondern kann direkt hier zur Nutzung ausgef\u00fchrt werden.<\/p>\n<p><a href=\"https:\/\/www.datev.de\/web\/de\/service\/software-auslieferung\/download-bereich\/it-loesungen-und-security\/mandanten-fernbetreuung\/mandanten-fernbetreuung-kunden-modul\/\" target=\"_blank\" rel=\"noopener noreferrer\"><strong>DATEV Mandanten-Fernbetreuung Kunden-Modul<\/strong><\/a><\/p>\n<\/div>\n<p><\/p>","protected":false},"excerpt":{"rendered":"<p>Sorry, this entry is only available in Deutsch. For the sake of viewer convenience, the content is shown below in the alternative language. You may click the link to switch &#8230;<\/p>\n","protected":false},"author":1,"featured_media":0,"parent":0,"menu_order":0,"comment_status":"closed","ping_status":"closed","template":"","meta":{"footnotes":""},"class_list":["post-1880","page","type-page","status-publish","hentry"],"aioseo_notices":[],"_links":{"self":[{"href":"https:\/\/fahn-wp.de\/en\/wp-json\/wp\/v2\/pages\/1880","targetHints":{"allow":["GET"]}}],"collection":[{"href":"https:\/\/fahn-wp.de\/en\/wp-json\/wp\/v2\/pages"}],"about":[{"href":"https:\/\/fahn-wp.de\/en\/wp-json\/wp\/v2\/types\/page"}],"author":[{"embeddable":true,"href":"https:\/\/fahn-wp.de\/en\/wp-json\/wp\/v2\/users\/1"}],"replies":[{"embeddable":true,"href":"https:\/\/fahn-wp.de\/en\/wp-json\/wp\/v2\/comments?post=1880"}],"version-history":[{"count":2,"href":"https:\/\/fahn-wp.de\/en\/wp-json\/wp\/v2\/pages\/1880\/revisions"}],"predecessor-version":[{"id":1904,"href":"https:\/\/fahn-wp.de\/en\/wp-json\/wp\/v2\/pages\/1880\/revisions\/1904"}],"wp:attachment":[{"href":"https:\/\/fahn-wp.de\/en\/wp-json\/wp\/v2\/media?parent=1880"}],"curies":[{"name":"wp","href":"https:\/\/api.w.org\/{rel}","templated":true}]}}