{"id":1882,"date":"2024-06-03T09:59:42","date_gmt":"2024-06-03T07:59:42","guid":{"rendered":"https:\/\/www.fahn-wp.de\/?page_id=1882"},"modified":"2024-06-03T13:31:37","modified_gmt":"2024-06-03T11:31:37","slug":"arbeitnehmer-online","status":"publish","type":"page","link":"https:\/\/fahn-wp.de\/en\/datev\/arbeitnehmer-online\/","title":{"rendered":"(Deutsch) Arbeitnehmer Online"},"content":{"rendered":"<p class=\"qtranxs-available-languages-message qtranxs-available-languages-message-en\">Sorry, this entry is only available in <a href=\"https:\/\/fahn-wp.de\/de\/wp-json\/wp\/v2\/pages\/1882\" class=\"qtranxs-available-language-link qtranxs-available-language-link-de\" title=\"Deutsch\">Deutsch<\/a>. For the sake of viewer convenience, the content is shown below in the alternative language. You may click the link to switch the active language.<\/p><p><\/p>\n<div class=\"justify\">\n<p>Mit Arbeitnehmer Online stellen Sie Ihren Mitarbeitern wichtige Lohn- und Gehaltsdokumente einfach und sicher online zur Verf\u00fcgung. Ihre Mitarbeiter k\u00f6nnen sich ihre Dokumente ganz unkompliziert selbst runterladen \u2013 und das bei maximaler Sicherheit, Transparenz und Flexibilit\u00e4t: Papierverschwendung und Druckkosten geh\u00f6ren so der Vergangenheit an. Gehen Sie jetzt mit uns in die Zukunft der digitalen Lohn- und Gehaltsabrechnungen!<\/p>\n<h3>Gehen Sie mit uns in Richtung Zukunft.<\/h3>\n<ul>\n<li><strong>Einfach:<\/strong>\u00a0weniger Aufwand mit Lohn- und Gehaltsdokumenten online<\/li>\n<li><strong>Flexibel:<\/strong>\u00a0immer und \u00fcberall Zugriff auf Lohn- und Gehaltsdokumente<\/li>\n<li><strong>Unkompliziert:<\/strong>\u00a0Informationen einfach und sicher weitergeben<\/li>\n<li><strong>Modern:<\/strong>\u00a0starke Positionierung als Arbeitgeber am Puls der Zeit<\/li>\n<li><strong>Vorausschauend:<\/strong>\u00a0kostensparend, innovativ und umweltschonend<\/li>\n<\/ul>\n<p>&nbsp;<\/p>\n<h3 id=\"einfach\">Einfach<\/h3>\n<p>Sie m\u00f6chten sich den Aufwand f\u00fcr die Verteilung der Brutto\/Netto-Abrechnungen sparen? Arbeitnehmer Online ist Ihre L\u00f6sung: \u00dcber das Portal Arbeitnehmer Online erhalten Ihre Mitarbeiter sicheren Zugang zu wichtigen Lohn- und Gehaltsdokumenten wie der Brutto\/Netto-Abrechnung, der Lohnsteuerbescheinigung und dem Sozialversicherungsnachweis. Au\u00dferdem haben Sie die M\u00f6glichkeit, Ihren Mitarbeitern individuelle wie aktuelle Hinweise direkt \u00fcber das Lohnprogramm bereitzustellen.<\/p>\n<h3 id=\"flexibel\">Flexibel<\/h3>\n<p>Zeitliche Flexibilit\u00e4t steht bei Arbeitnehmer Online ganz oben: Ihre Mitarbeiter haben immer und \u00fcberall Zugriff auf ihre Lohn- und Gehaltsdokumente. Zeitdruck geh\u00f6rt so der Vergangenheit an und Postlaufzeiten spielen keine Rolle mehr: Die Lohn- und Gehaltsdokumente stehen auf Wunsch direkt nach der Abrechnung f\u00fcr Ihre Mitarbeiter bereit. So gehen keine Dokumente verloren und m\u00fcssen nicht m\u00fchsam erneut angefordert werden.<\/p>\n<h3 id=\"unkompliziert\">Unkompliziert<\/h3>\n<p>Dokumente in Ordner abzuheften und sie immer dann suchen zu m\u00fcssen, wenn man sie braucht, ist nicht nur nervig, sondern frisst auch wertvolle Zeit. Mit Arbeitnehmer Online k\u00f6nnen Sie Informationen rund um die Lohn- und Gehaltsabrechnung unkompliziert digital zur Verf\u00fcgung stellen. So versorgen Sie Ihre Mitarbeiter mit allen wichtigen Hinweisen und diese k\u00f6nnen die Dokumente immer dann abrufen, wenn sie ben\u00f6tigt werden \u2013 schnell, einfach und zeitsparend.<\/p>\n<h3 id=\"modern\">Modern<\/h3>\n<p>Positionieren Sie sich jetzt als zukunftsorientierter Arbeitgeber am Puls der Zeit und st\u00e4rken Sie das Image Ihres Unternehmens \u2013 und das absolut sicher und zuverl\u00e4ssig. So einfach geht\u2019s: Nachdem Sie die Nutzung von Arbeitnehmer Online f\u00fcr Ihre Mitarbeiter freigeschaltet haben, erhalten diese einen pers\u00f6nlichen Brief, mit dem sie sich registrieren k\u00f6nnen und Zugriff auf ihre Dokumente erhalten. Dabei sorgen zwei verschiedene Zugangsverfahren f\u00fcr absolute Sicherheit: Ihre Mitarbeiter k\u00f6nnen entweder TANs per SMS nutzen oder sich mit dem neuen Personalausweis anmelden.<\/p>\n<h3 id=\"vorausschauend\">Vorausschauend<\/h3>\n<p>Leisten auch Sie Ihren Beitrag f\u00fcr die Umwelt! Indem Sie Ihren Papierverbrauch deutlich reduzieren, sparen Sie nicht nur bares Geld, sondern unterst\u00fctzen auch Mutter Natur. Mit Arbeitnehmer Online werden Lohn- und Gehaltsdokumente f\u00fcr einen Zeitraum von 10 Jahren digital im Portal gespeichert und stehen Ihren Mitarbeitern jederzeit zur Verf\u00fcgung. Eine verschwenderische und un\u00fcbersichtliche Papierablage ist damit hinf\u00e4llig. Gleichzeitig sparen Sie Kosten, da das Porto f\u00fcr den Abrechnungsversand entf\u00e4llt.<\/p>\n<p><button class=\"btn-default\"><a title=\"Mit SMARTCARD anmelden\" href=\"https:\/\/secure4.datev.de\/wopl\/FC\/FC\" target=\"_blank\" rel=\"noopener noreferrer\">Mit SMARTCARD anmelden<\/a><\/button><\/p>\n<\/div>\n<p><\/p>","protected":false},"excerpt":{"rendered":"<p>Sorry, this entry is only available in Deutsch. For the sake of viewer convenience, the content is shown below in the alternative language. You may click the link to switch &#8230;<\/p>\n","protected":false},"author":1,"featured_media":0,"parent":1880,"menu_order":0,"comment_status":"closed","ping_status":"closed","template":"","meta":{"footnotes":""},"class_list":["post-1882","page","type-page","status-publish","hentry"],"aioseo_notices":[],"_links":{"self":[{"href":"https:\/\/fahn-wp.de\/en\/wp-json\/wp\/v2\/pages\/1882","targetHints":{"allow":["GET"]}}],"collection":[{"href":"https:\/\/fahn-wp.de\/en\/wp-json\/wp\/v2\/pages"}],"about":[{"href":"https:\/\/fahn-wp.de\/en\/wp-json\/wp\/v2\/types\/page"}],"author":[{"embeddable":true,"href":"https:\/\/fahn-wp.de\/en\/wp-json\/wp\/v2\/users\/1"}],"replies":[{"embeddable":true,"href":"https:\/\/fahn-wp.de\/en\/wp-json\/wp\/v2\/comments?post=1882"}],"version-history":[{"count":2,"href":"https:\/\/fahn-wp.de\/en\/wp-json\/wp\/v2\/pages\/1882\/revisions"}],"predecessor-version":[{"id":1905,"href":"https:\/\/fahn-wp.de\/en\/wp-json\/wp\/v2\/pages\/1882\/revisions\/1905"}],"up":[{"embeddable":true,"href":"https:\/\/fahn-wp.de\/en\/wp-json\/wp\/v2\/pages\/1880"}],"wp:attachment":[{"href":"https:\/\/fahn-wp.de\/en\/wp-json\/wp\/v2\/media?parent=1882"}],"curies":[{"name":"wp","href":"https:\/\/api.w.org\/{rel}","templated":true}]}}