{"id":1884,"date":"2025-04-14T10:01:22","date_gmt":"2025-04-14T08:01:22","guid":{"rendered":"https:\/\/www.fahn-wp.de\/?page_id=1884"},"modified":"2025-04-14T18:16:13","modified_gmt":"2025-04-14T16:16:13","slug":"datev-mittelstand","status":"publish","type":"page","link":"https:\/\/fahn-wp.de\/en\/datev\/datev-mittelstand\/","title":{"rendered":"(Deutsch) DATEV Mittelstand"},"content":{"rendered":"<p class=\"qtranxs-available-languages-message qtranxs-available-languages-message-en\">Sorry, this entry is only available in <a href=\"https:\/\/fahn-wp.de\/de\/wp-json\/wp\/v2\/pages\/1884\" class=\"qtranxs-available-language-link qtranxs-available-language-link-de\" title=\"Deutsch\">Deutsch<\/a>. For the sake of viewer convenience, the content is shown below in the alternative language. You may click the link to switch the active language.<\/p><p><\/p>\n<div class=\"justify\">\nRechnungsschreibung und Buchf\u00fchrung leicht gemacht:<br \/>\nMit den Softwarel\u00f6sungen f\u00fcr kleine und mittelst\u00e4ndische Unternehmen stehen Ihnen alle wesentlichen kaufm\u00e4nnischen Funktionen zur Verf\u00fcgung.<\/p>\n<p>F\u00fcr Ihre Anforderung die passende DATEV-L\u00f6sung:<\/p>\n<p><a href=\"https:\/\/www.datev.de\/web\/de\/top-themen\/unternehmer\/datev-mittelstand-pro\/komplettloesung-mit-finanzbuchfuehrung\/\" target=\"_blank\" rel=\"noopener noreferrer\"><strong>DATEV Komplettl\u00f6sung mit Finanzbuchf\u00fchrung<\/strong><\/a><\/p>\n<p>DATEV Mittelstand Faktura mit Rechnungswesen enth\u00e4lt Auftragsverwaltung und Dokumentablage sowie zus\u00e4tzlich eine Buchf\u00fchrungskomponente. Die passende L\u00f6sung f\u00fcr Unternehmen, die die Finanzbuchf\u00fchrung im Betrieb erstellen!<\/p>\n<p>&nbsp;<\/p>\n<\/div>\n<p><\/p>","protected":false},"excerpt":{"rendered":"<p>Sorry, this entry is only available in Deutsch. For the sake of viewer convenience, the content is shown below in the alternative language. You may click the link to switch &#8230;<\/p>\n","protected":false},"author":1,"featured_media":0,"parent":1880,"menu_order":0,"comment_status":"closed","ping_status":"closed","template":"","meta":{"footnotes":""},"class_list":["post-1884","page","type-page","status-publish","hentry"],"aioseo_notices":[],"_links":{"self":[{"href":"https:\/\/fahn-wp.de\/en\/wp-json\/wp\/v2\/pages\/1884","targetHints":{"allow":["GET"]}}],"collection":[{"href":"https:\/\/fahn-wp.de\/en\/wp-json\/wp\/v2\/pages"}],"about":[{"href":"https:\/\/fahn-wp.de\/en\/wp-json\/wp\/v2\/types\/page"}],"author":[{"embeddable":true,"href":"https:\/\/fahn-wp.de\/en\/wp-json\/wp\/v2\/users\/1"}],"replies":[{"embeddable":true,"href":"https:\/\/fahn-wp.de\/en\/wp-json\/wp\/v2\/comments?post=1884"}],"version-history":[{"count":2,"href":"https:\/\/fahn-wp.de\/en\/wp-json\/wp\/v2\/pages\/1884\/revisions"}],"predecessor-version":[{"id":1906,"href":"https:\/\/fahn-wp.de\/en\/wp-json\/wp\/v2\/pages\/1884\/revisions\/1906"}],"up":[{"embeddable":true,"href":"https:\/\/fahn-wp.de\/en\/wp-json\/wp\/v2\/pages\/1880"}],"wp:attachment":[{"href":"https:\/\/fahn-wp.de\/en\/wp-json\/wp\/v2\/media?parent=1884"}],"curies":[{"name":"wp","href":"https:\/\/api.w.org\/{rel}","templated":true}]}}