{"id":1886,"date":"2025-11-06T10:01:48","date_gmt":"2025-11-06T09:01:48","guid":{"rendered":"https:\/\/www.fahn-wp.de\/?page_id=1886"},"modified":"2025-11-06T11:55:15","modified_gmt":"2025-11-06T10:55:15","slug":"unternehmen-online","status":"publish","type":"page","link":"https:\/\/fahn-wp.de\/en\/datev\/unternehmen-online\/","title":{"rendered":"(Deutsch) Unternehmen online"},"content":{"rendered":"<p class=\"qtranxs-available-languages-message qtranxs-available-languages-message-en\">Sorry, this entry is only available in <a href=\"https:\/\/fahn-wp.de\/de\/wp-json\/wp\/v2\/pages\/1886\" class=\"qtranxs-available-language-link qtranxs-available-language-link-de\" title=\"Deutsch\">Deutsch<\/a>. For the sake of viewer convenience, the content is shown below in the alternative language. You may click the link to switch the active language.<\/p><p><\/p>\n<div class=\"justify\">\nDie Buchf\u00fchrung stellt das Herz eines Unternehmens dar &#8211; ihre Qualit\u00e4t und fehlerfreie Erledigung beeinflussen direkt den Unternehmenserfolg. Eine moderne Onlinebuchf\u00fchrung erm\u00f6glicht eine klare Teilung von Aufgaben buchhalterischer Natur zwischen den eigenen Mitarbeitern und dem Steuerberater, eine permanente Verf\u00fcgbarkeit von Belegen und Daten sowie aktuellste Auswertungen f\u00fcr eine erfolgreiche Unternehmensf\u00fchrung.<\/p>\n<p>Buchf\u00fchrung mit Zukunft<\/p>\n<p>Mit \u201eUnternehmen online\u201c von DATEV steht ein neues, zukunftsf\u00e4higes Instrument f\u00fcr moderne Buchf\u00fchrung zur Verf\u00fcgung. Gehen Sie online und profitieren Sie von h\u00f6herer Unternehmenstransparenz und effizientem Belegmanagement rund um die Uhr.<\/p>\n<p>Die Internetanwendung bietet passwortgesch\u00fctztes Buchf\u00fchrungs-, Daten- und Belegmanagement sowie Unternehmenstransparenz rund um die Uhr.<br \/>\nDer Datenaustausch zwischen Ihrem Unternehmen und unserer Kanzlei wird \u00fcber das Internet durchgef\u00fchrt.<br \/>\nUnser Kanzleiteam f\u00fchrt die Belegbuchung in einem von Ihnen gew\u00fcnschten Buchungsrhythmus durch. Wir buchen f\u00fcr Sie beispielsweise jeden Tag, einmal w\u00f6chentlich, alle zwei Wochen oder einmal im Monat.<br \/>\nSie k\u00f6nnen flexibel und anlassbezogen entscheiden, welche Buchf\u00fchrungst\u00e4tigkeiten in Ihrem Unternehmen verbleiben und welche Sie an unser Kanzleiteam abgeben.<br \/>\nEinen entscheidenden Vorteil bieten die umfangreichen Reportingm\u00f6glichkeiten. Sie profitieren von weit \u00fcber den Standard hinausreichenden Auswertungen Ihrer Unternehmenszahlen und k\u00f6nnen vorausschauend planen und Ma\u00dfnahmen einleiten.<br \/>\nWir beraten Sie gerne und erarbeiten mit Ihnen gemeinsam die optimale Aufgabenteilung zwischen Ihrem Unternehmen und unserer Kanzlei. Gehen Sie mit uns online in die Zukunft!<\/p>\n<ul>\n<li style=\"list-style-type: none;\">\n<ul>\n<li style=\"list-style-type: none;\">\n<ul>\n<li>Belege einfach scannen und digitalisieren<\/li>\n<li>Daten schnell und sicher online austauschen<\/li>\n<li>individuelle Auswertungen erstellen und senden<\/li>\n<li>elektronische Belegarchivierung<\/li>\n<li>Belegtransport zwischen Unternehmen und Steuerberater entf\u00e4llt<\/li>\n<li>Belege online finden, kein\u00a0Pendelordner\u00a0mehr<\/li>\n<li>Unternehmenstransparenz per Klick<\/li>\n<\/ul>\n<\/li>\n<\/ul>\n<\/li>\n<\/ul>\n<h2>Sicherer Mandanten-Login<\/h2>\n<p>F\u00fcr den geschlossenen Bereich \u201eMyDATEV\u201c ben\u00f6tigen Sie eine DATEV SmartCard oder einen DATEV SmartLogin.<\/p>\n<p>&nbsp;<\/p>\n<p><button class=\"btn-default\"><a title=\"Mit SMARTCARD anmelden\" href=\"https:\/\/secure4.datev.de\/wopl\/FC\/FC\" target=\"_blank\" rel=\"noopener noreferrer\">Mit SMARTCARD anmelden<\/a><\/button><\/p>\n<\/div>\n<p><\/p>","protected":false},"excerpt":{"rendered":"<p>Sorry, this entry is only available in Deutsch. For the sake of viewer convenience, the content is shown below in the alternative language. You may click the link to switch &#8230;<\/p>\n","protected":false},"author":1,"featured_media":0,"parent":1880,"menu_order":0,"comment_status":"closed","ping_status":"closed","template":"","meta":{"footnotes":""},"class_list":["post-1886","page","type-page","status-publish","hentry"],"aioseo_notices":[],"_links":{"self":[{"href":"https:\/\/fahn-wp.de\/en\/wp-json\/wp\/v2\/pages\/1886","targetHints":{"allow":["GET"]}}],"collection":[{"href":"https:\/\/fahn-wp.de\/en\/wp-json\/wp\/v2\/pages"}],"about":[{"href":"https:\/\/fahn-wp.de\/en\/wp-json\/wp\/v2\/types\/page"}],"author":[{"embeddable":true,"href":"https:\/\/fahn-wp.de\/en\/wp-json\/wp\/v2\/users\/1"}],"replies":[{"embeddable":true,"href":"https:\/\/fahn-wp.de\/en\/wp-json\/wp\/v2\/comments?post=1886"}],"version-history":[{"count":2,"href":"https:\/\/fahn-wp.de\/en\/wp-json\/wp\/v2\/pages\/1886\/revisions"}],"predecessor-version":[{"id":1908,"href":"https:\/\/fahn-wp.de\/en\/wp-json\/wp\/v2\/pages\/1886\/revisions\/1908"}],"up":[{"embeddable":true,"href":"https:\/\/fahn-wp.de\/en\/wp-json\/wp\/v2\/pages\/1880"}],"wp:attachment":[{"href":"https:\/\/fahn-wp.de\/en\/wp-json\/wp\/v2\/media?parent=1886"}],"curies":[{"name":"wp","href":"https:\/\/api.w.org\/{rel}","templated":true}]}}