{"id":1888,"date":"2020-07-28T10:02:18","date_gmt":"2020-07-28T08:02:18","guid":{"rendered":"https:\/\/www.fahn-wp.de\/?page_id=1888"},"modified":"2020-07-28T10:41:25","modified_gmt":"2020-07-28T08:41:25","slug":"mandanten-fernbetreuung","status":"publish","type":"page","link":"https:\/\/fahn-wp.de\/en\/datev\/mandanten-fernbetreuung\/","title":{"rendered":"(Deutsch) Mandanten-Fernbetreuung"},"content":{"rendered":"<p class=\"qtranxs-available-languages-message qtranxs-available-languages-message-en\">Sorry, this entry is only available in <a href=\"https:\/\/fahn-wp.de\/de\/wp-json\/wp\/v2\/pages\/1888\" class=\"qtranxs-available-language-link qtranxs-available-language-link-de\" title=\"Deutsch\">Deutsch<\/a>. For the sake of viewer convenience, the content is shown below in the alternative language. You may click the link to switch the active language.<\/p><p><\/p>\n<div class=\"justify\">\nDie\u00a0<strong>DATEV Mandanten-Fernbetreuung<\/strong>\u00a0unterst\u00fctzt die Online-Zusammenarbeit zwischen Berater und Mandant. Sie ist eine Fernbetreuungssoftware und erm\u00f6glicht, dass zwischen zwei PCs \u00fcber einen beliebigen Internet-Zugang eine direkte Verbindung aufgebaut werden kann.<\/p>\n<p>Die\u00a0<strong>Mandanten-Fernbetreuung<\/strong>\u00a0bietet einen Fernzugriff, d. h. der entfernte PC kann eingesehen und gesteuert werden, sowie einen Pr\u00e4sentationsmodus, mit dem der eigene Bildschirminhalt via Internet dem Kommunikationspartner pr\u00e4sentiert wird. Die\u00a0<strong>Mandanten-Fernbetreuung<\/strong>\u00a0wird nicht installiert, sondern kann direkt hier zur Nutzung ausgef\u00fchrt werden.<\/p>\n<p><a href=\"https:\/\/www.datev.de\/web\/de\/service\/software-auslieferung\/download-bereich\/it-loesungen-und-security\/mandanten-fernbetreuung\/mandanten-fernbetreuung-kunden-modul\/\" target=\"_blank\" rel=\"noopener noreferrer\"><strong>DATEV Mandanten-Fernbetreuung Kunden-Modul<\/strong><\/a>\n<\/div>\n<p><\/p>","protected":false},"excerpt":{"rendered":"<p>Sorry, this entry is only available in Deutsch. For the sake of viewer convenience, the content is shown below in the alternative language. You may click the link to switch &#8230;<\/p>\n","protected":false},"author":1,"featured_media":0,"parent":1880,"menu_order":0,"comment_status":"closed","ping_status":"closed","template":"","meta":{"footnotes":""},"class_list":["post-1888","page","type-page","status-publish","hentry"],"aioseo_notices":[],"_links":{"self":[{"href":"https:\/\/fahn-wp.de\/en\/wp-json\/wp\/v2\/pages\/1888","targetHints":{"allow":["GET"]}}],"collection":[{"href":"https:\/\/fahn-wp.de\/en\/wp-json\/wp\/v2\/pages"}],"about":[{"href":"https:\/\/fahn-wp.de\/en\/wp-json\/wp\/v2\/types\/page"}],"author":[{"embeddable":true,"href":"https:\/\/fahn-wp.de\/en\/wp-json\/wp\/v2\/users\/1"}],"replies":[{"embeddable":true,"href":"https:\/\/fahn-wp.de\/en\/wp-json\/wp\/v2\/comments?post=1888"}],"version-history":[{"count":2,"href":"https:\/\/fahn-wp.de\/en\/wp-json\/wp\/v2\/pages\/1888\/revisions"}],"predecessor-version":[{"id":1907,"href":"https:\/\/fahn-wp.de\/en\/wp-json\/wp\/v2\/pages\/1888\/revisions\/1907"}],"up":[{"embeddable":true,"href":"https:\/\/fahn-wp.de\/en\/wp-json\/wp\/v2\/pages\/1880"}],"wp:attachment":[{"href":"https:\/\/fahn-wp.de\/en\/wp-json\/wp\/v2\/media?parent=1888"}],"curies":[{"name":"wp","href":"https:\/\/api.w.org\/{rel}","templated":true}]}}