{"id":63,"date":"2017-02-21T14:05:12","date_gmt":"2017-02-21T13:05:12","guid":{"rendered":"http:\/\/88.217.240.170\/?page_id=63"},"modified":"2018-09-03T08:23:48","modified_gmt":"2018-09-03T06:23:48","slug":"rechtsberatung","status":"publish","type":"page","link":"https:\/\/fahn-wp.de\/en\/dienstleistung\/rechtsberatung\/","title":{"rendered":"Justice consultancy"},"content":{"rendered":"<p>Mit einem kompetenten Partner direkt im Haus k\u00f6nnen wir Ihnen neben unseren Finanzdienstleistungen auch eine umfangreiche Rechtsberatung anbieten.<\/p>\n<p><img decoding=\"async\" src=\"http:\/\/www.fahn-wp.de\/fileadmin\/images\/logoht2w.png\" alt=\"\" \/><\/p>\n<p>HT<sup>2<\/sup>W Rechtsanw\u00e4lte<br \/>\nTrimburgstra\u00dfe 2 \/ 6. Stock<br \/>\n81249 M\u00fcnchen<br \/>\nTel.: +49 (0)89 452 448 &#8211; 0<br \/>\nFax: +49 (0)89 452 448 &#8211; 22<\/p>\n<p>Internet: <a class=\"external-link-new-window\" href=\"http:\/\/www.ht2w.de\/\" target=\"_blank\">www.ht2w.de<\/a><br \/>\nE-Mail: <a href=\"mailto:trepesch@ht2w.de\">trepesch@ht2w.de<\/a><\/p>\n<p>&nbsp;<\/p>","protected":false},"excerpt":{"rendered":"<p>Mit einem kompetenten Partner direkt im Haus k\u00f6nnen wir Ihnen neben unseren Finanzdienstleistungen auch eine umfangreiche Rechtsberatung anbieten. HT2W Rechtsanw\u00e4lte Trimburgstra\u00dfe 2 \/ 6. Stock 81249 M\u00fcnchen Tel.: +49 (0)89 &#8230;<\/p>\n","protected":false},"author":1,"featured_media":0,"parent":49,"menu_order":0,"comment_status":"closed","ping_status":"closed","template":"","meta":{"footnotes":""},"class_list":["post-63","page","type-page","status-publish","hentry"],"aioseo_notices":[],"_links":{"self":[{"href":"https:\/\/fahn-wp.de\/en\/wp-json\/wp\/v2\/pages\/63","targetHints":{"allow":["GET"]}}],"collection":[{"href":"https:\/\/fahn-wp.de\/en\/wp-json\/wp\/v2\/pages"}],"about":[{"href":"https:\/\/fahn-wp.de\/en\/wp-json\/wp\/v2\/types\/page"}],"author":[{"embeddable":true,"href":"https:\/\/fahn-wp.de\/en\/wp-json\/wp\/v2\/users\/1"}],"replies":[{"embeddable":true,"href":"https:\/\/fahn-wp.de\/en\/wp-json\/wp\/v2\/comments?post=63"}],"version-history":[{"count":5,"href":"https:\/\/fahn-wp.de\/en\/wp-json\/wp\/v2\/pages\/63\/revisions"}],"predecessor-version":[{"id":1596,"href":"https:\/\/fahn-wp.de\/en\/wp-json\/wp\/v2\/pages\/63\/revisions\/1596"}],"up":[{"embeddable":true,"href":"https:\/\/fahn-wp.de\/en\/wp-json\/wp\/v2\/pages\/49"}],"wp:attachment":[{"href":"https:\/\/fahn-wp.de\/en\/wp-json\/wp\/v2\/media?parent=63"}],"curies":[{"name":"wp","href":"https:\/\/api.w.org\/{rel}","templated":true}]}}